{"id":2160,"date":"2020-10-14T08:16:06","date_gmt":"2020-10-14T08:16:06","guid":{"rendered":"http:\/\/consulting-expert.pl\/?page_id=2160"},"modified":"2020-11-12T10:43:20","modified_gmt":"2020-11-12T10:43:20","slug":"informacje-o-agencie","status":"publish","type":"page","link":"https:\/\/consulting-expert.pl\/index.php\/informacje-o-agencie\/","title":{"rendered":"INFORMACJE O AGENCIE"},"content":{"rendered":"\t\t<div data-elementor-type=\"wp-page\" data-elementor-id=\"2160\" class=\"elementor elementor-2160\" data-elementor-settings=\"[]\">\n\t\t\t\t\t\t<div class=\"elementor-inner\">\n\t\t\t\t\t\t\t<div class=\"elementor-section-wrap\">\n\t\t\t\t\t\t\t<section class=\"elementor-section elementor-top-section elementor-element elementor-element-5333078 elementor-section-boxed elementor-section-height-default elementor-section-height-default\" data-id=\"5333078\" data-element_type=\"section\">\n\t\t\t\t\t\t<div class=\"elementor-container elementor-column-gap-default\">\n\t\t\t\t\t\t\t<div class=\"elementor-row\">\n\t\t\t\t\t<div class=\"elementor-column elementor-col-100 elementor-top-column elementor-element elementor-element-9f06956\" data-id=\"9f06956\" data-element_type=\"column\">\n\t\t\t<div class=\"elementor-column-wrap elementor-element-populated\">\n\t\t\t\t\t\t\t<div class=\"elementor-widget-wrap\">\n\t\t\t\t\t\t<div class=\"elementor-element elementor-element-df5d107 elementor-widget elementor-widget-heading\" data-id=\"df5d107\" data-element_type=\"widget\" data-widget_type=\"heading.default\">\n\t\t\t\t<div class=\"elementor-widget-container\">\n\t\t\t<h3 class=\"elementor-heading-title elementor-size-default\">Informacje o agencie<\/h3>\t\t<\/div>\n\t\t\t\t<\/div>\n\t\t\t\t<div class=\"elementor-element elementor-element-7242366 elementor-widget-divider--view-line elementor-widget elementor-widget-divider\" data-id=\"7242366\" data-element_type=\"widget\" data-widget_type=\"divider.default\">\n\t\t\t\t<div class=\"elementor-widget-container\">\n\t\t\t\t\t<div class=\"elementor-divider\">\n\t\t\t<span class=\"elementor-divider-separator\">\n\t\t\t\t\t\t<\/span>\n\t\t<\/div>\n\t\t\t\t<\/div>\n\t\t\t\t<\/div>\n\t\t\t\t<div class=\"elementor-element elementor-element-eeca7a8 elementor-widget elementor-widget-text-editor\" data-id=\"eeca7a8\" data-element_type=\"widget\" data-widget_type=\"text-editor.default\">\n\t\t\t\t<div class=\"elementor-widget-container\">\n\t\t\t\t\t\t\t\t<div class=\"elementor-text-editor elementor-clearfix\">\n\t\t\t\t<p>\u00a0<strong>Consulting Expert Izabela Plewniak <\/strong>z siedzib\u0105 pod adresem: ul. Stawowa 147, 32-607 Polanka Wielka, NIP 5492122905,REGON 123050942, wpisan\u0105 w dniu 03.03.2014 roku do Centralnej Ewidencji i Informacji o Dzia\u0142alno\u015bci Gospodarczej zwany dalej \u201ePrzedsiebiorc\u0105\u201d jest multiagentem ubezpieczeniowym, wpisanym do prowadzonego przez Komisj\u0119 Nadzoru Finansowego rejestru po\u015brednik\u00f3w ubezpieczeniowych pod nr 11221722\/A Komisja Nadzoru Finansowego udziela informacji na temat wpisu do rejestru po\u015brednik\u00f3w na wniosek z\u0142o\u017cony ustnie, pisemnie lub osobi\u015bcie \u2013 w siedzibie urz\u0119du, przy Placu Powsta\u0144c\u00f3w Warszawy 1, 00-030 Warszawa lub za po\u015brednictwem wyszukiwarki internetowej Komisji Nadzoru Finansowego, znajduj\u0105cej si\u0119 na stronie internetowej pod adresem https:\/\/au.knf.gov.pl\/Au_online\/. <strong>Consulting Expert<\/strong> jest agentem ubezpieczeniowym nast\u0119puj\u0105cych zak\u0142ad\u00f3w ubezpiecze\u0144:<\/p>\t\t\t\t\t<\/div>\n\t\t\t\t\t\t<\/div>\n\t\t\t\t<\/div>\n\t\t\t\t<div class=\"elementor-element elementor-element-8bec665 elementor-align-left elementor-icon-list--layout-traditional elementor-list-item-link-full_width elementor-widget elementor-widget-icon-list\" data-id=\"8bec665\" data-element_type=\"widget\" data-widget_type=\"icon-list.default\">\n\t\t\t\t<div class=\"elementor-widget-container\">\n\t\t\t\t\t<ul class=\"elementor-icon-list-items\">\n\t\t\t\t\t\t\t<li class=\"elementor-icon-list-item\">\n\t\t\t\t\t\t\t\t\t\t\t<span class=\"elementor-icon-list-icon\">\n\t\t\t\t\t\t\t<i aria-hidden=\"true\" class=\"fas fa-check-circle\"><\/i>\t\t\t\t\t\t<\/span>\n\t\t\t\t\t\t\t\t\t\t<span class=\"elementor-icon-list-text\">Concordia Polska SA,<\/span>\n\t\t\t\t\t\t\t\t\t<\/li>\n\t\t\t\t\t\t\t\t<li class=\"elementor-icon-list-item\">\n\t\t\t\t\t\t\t\t\t\t\t<span class=\"elementor-icon-list-icon\">\n\t\t\t\t\t\t\t<i aria-hidden=\"true\" class=\"fas fa-check-circle\"><\/i>\t\t\t\t\t\t<\/span>\n\t\t\t\t\t\t\t\t\t\t<span class=\"elementor-icon-list-text\">TUZ TUW,<\/span>\n\t\t\t\t\t\t\t\t\t<\/li>\n\t\t\t\t\t\t\t\t<li class=\"elementor-icon-list-item\">\n\t\t\t\t\t\t\t\t\t\t\t<span class=\"elementor-icon-list-icon\">\n\t\t\t\t\t\t\t<i aria-hidden=\"true\" class=\"fas fa-check-circle\"><\/i>\t\t\t\t\t\t<\/span>\n\t\t\t\t\t\t\t\t\t\t<span class=\"elementor-icon-list-text\">Leadenhall Polska SA Lloyd\u2019s coverholder,<\/span>\n\t\t\t\t\t\t\t\t\t<\/li>\n\t\t\t\t\t\t\t\t<li class=\"elementor-icon-list-item\">\n\t\t\t\t\t\t\t\t\t\t\t<span class=\"elementor-icon-list-icon\">\n\t\t\t\t\t\t\t<i aria-hidden=\"true\" class=\"fas fa-check-circle\"><\/i>\t\t\t\t\t\t<\/span>\n\t\t\t\t\t\t\t\t\t\t<span class=\"elementor-icon-list-text\">Generali TU SA<\/span>\n\t\t\t\t\t\t\t\t\t<\/li>\n\t\t\t\t\t\t\t\t<li class=\"elementor-icon-list-item\">\n\t\t\t\t\t\t\t\t\t\t\t<span class=\"elementor-icon-list-icon\">\n\t\t\t\t\t\t\t<i aria-hidden=\"true\" class=\"fas fa-check-circle\"><\/i>\t\t\t\t\t\t<\/span>\n\t\t\t\t\t\t\t\t\t\t<span class=\"elementor-icon-list-text\">Generali \u017bycie TU SA<\/span>\n\t\t\t\t\t\t\t\t\t<\/li>\n\t\t\t\t\t\t\t\t<li class=\"elementor-icon-list-item\">\n\t\t\t\t\t\t\t\t\t\t\t<span class=\"elementor-icon-list-icon\">\n\t\t\t\t\t\t\t<i aria-hidden=\"true\" class=\"fas fa-check-circle\"><\/i>\t\t\t\t\t\t<\/span>\n\t\t\t\t\t\t\t\t\t\t<span class=\"elementor-icon-list-text\">TUiR Allianz Polska SA<\/span>\n\t\t\t\t\t\t\t\t\t<\/li>\n\t\t\t\t\t\t\t\t<li class=\"elementor-icon-list-item\">\n\t\t\t\t\t\t\t\t\t\t\t<span class=\"elementor-icon-list-icon\">\n\t\t\t\t\t\t\t<i aria-hidden=\"true\" class=\"fas fa-check-circle\"><\/i>\t\t\t\t\t\t<\/span>\n\t\t\t\t\t\t\t\t\t\t<span class=\"elementor-icon-list-text\">TU Allianz \u017bycie SA<\/span>\n\t\t\t\t\t\t\t\t\t<\/li>\n\t\t\t\t\t\t<\/ul>\n\t\t\t\t<\/div>\n\t\t\t\t<\/div>\n\t\t\t\t<div class=\"elementor-element elementor-element-c7d41bc elementor-widget elementor-widget-text-editor\" data-id=\"c7d41bc\" data-element_type=\"widget\" data-widget_type=\"text-editor.default\">\n\t\t\t\t<div class=\"elementor-widget-container\">\n\t\t\t\t\t\t\t\t<div class=\"elementor-text-editor elementor-clearfix\">\n\t\t\t\t<p>Kopie pe\u0142nomocnictw Agenta dost\u0119pne s\u0105 na stronie internetowej: www.consulting-expert.pl<\/p><p>Z tytu\u0142u wykonywania czynno\u015bci agencyjnych <strong>Consulting Expert Izabela Plewniak <\/strong>otrzymuje od zak\u0142ad\u00f3w ubezpiecze\u0144 wynagrodzenie prowizyjne wyra\u017cone procentowo lub kwotowo od warto\u015bci sk\u0142adki zap\u0142aconej zak\u0142adowi ubezpiecze\u0144 przez klienta (ubezpieczaj\u0105cego). Z tytu\u0142u wykonywania czynno\u015bci agencyjnych <strong>Consulting Expert Izabela Plewniak <\/strong>nie pobiera wynagrodzenia od klienta.<\/p><p><strong>Consulting Expert Izabela Plewniak <\/strong>informuje, \u017ce w zakresie niezwi\u0105zanym z ochron\u0105 ubezpieczeniow\u0105 istnieje mo\u017cliwo\u015b\u0107 z\u0142o\u017cenia reklamacji, skargi do<strong> Consulting Expert Izabela Plewniak<\/strong>. Reklamacje niezwi\u0105zane z ochron\u0105 ubezpieczeniow\u0105 s\u0105 rozpatrywane przez <strong>Consulting Expert Izabela Plewniak<\/strong>.<\/p><p>Mo\u017cna je sk\u0142ada\u0107: \u00a01) w formie pisemnej \u2013 osobi\u015bcie u Agenta, albo przesy\u0142k\u0105, w rozumieniu art. 3 pkt 21 ustawy Prawo pocztowe, na adres <strong>Consulting Expert Izabela Plewniak<\/strong>, 2) ustnie \u2013 telefonicznie albo osobi\u015bcie do protoko\u0142u podczas wizyty u Agenta, 3) w formie elektronicznej poprzez e \u2013 mail: consultingexpert.plewniak@gmail.com<\/p><p>Reklamacje s\u0105 rozpatrywane niezw\u0142ocznie po ich otrzymaniu, nie p\u00f3\u017aniej jednak ni\u017c w terminie 30 dni od dnia ich otrzymania. W szczeg\u00f3lnie skomplikowanych przypadkach, uniemo\u017cliwiaj\u0105cych rozpatrzenie Reklamacji i udzielenie odpowiedzi w powy\u017cszym terminie, Agent w informacji przekazywanej osobie zg\u0142aszaj\u0105cej Reklamacj\u0119 okre\u015bla przewidywany termin rozpatrzenia Reklamacji i udzielenia odpowiedzi, kt\u00f3ry nie mo\u017ce przekroczy\u0107 60 dni od dnia otrzymania Reklamacji. O sposobie rozpatrzenia Reklamacji zawiadamia si\u0119 podmiot, kt\u00f3ry j\u0105 zg\u0142osi\u0142 w terminie, o kt\u00f3rym mowa powy\u017cej, w postaci papierowej lub za pomoc\u0105 innego trwa\u0142ego no\u015bnika. Odpowied\u017a t\u0119 mo\u017cna dostarczy\u0107 poczt\u0105 elektroniczn\u0105 na wniosek zg\u0142aszaj\u0105cego Reklamacj\u0119. Zg\u0142aszaj\u0105cy Reklamacj\u0119 jest uprawniony do z\u0142o\u017cenia odwo\u0142ania od decyzji Agenta w przedmiocie Reklamacji. W sprawach odwo\u0142a\u0144 stosuje si\u0119 odpowiednio terminy dotycz\u0105ce sk\u0142adania Reklamacji<\/p>\t\t\t\t\t<\/div>\n\t\t\t\t\t\t<\/div>\n\t\t\t\t<\/div>\n\t\t\t\t<div class=\"elementor-element elementor-element-5d53233 elementor-widget elementor-widget-spacer\" data-id=\"5d53233\" data-element_type=\"widget\" data-widget_type=\"spacer.default\">\n\t\t\t\t<div class=\"elementor-widget-container\">\n\t\t\t\t\t<div class=\"elementor-spacer\">\n\t\t\t<div class=\"elementor-spacer-inner\"><\/div>\n\t\t<\/div>\n\t\t\t\t<\/div>\n\t\t\t\t<\/div>\n\t\t\t\t\t\t<\/div>\n\t\t\t\t\t<\/div>\n\t\t<\/div>\n\t\t\t\t\t\t\t\t<\/div>\n\t\t\t\t\t<\/div>\n\t\t<\/section>\n\t\t\t\t<section class=\"elementor-section elementor-top-section elementor-element elementor-element-793a64e elementor-section-stretched elementor-section-boxed elementor-section-height-default elementor-section-height-default\" data-id=\"793a64e\" data-element_type=\"section\" data-settings=\"{&quot;stretch_section&quot;:&quot;section-stretched&quot;}\">\n\t\t\t\t\t\t<div class=\"elementor-container elementor-column-gap-default\">\n\t\t\t\t\t\t\t<div class=\"elementor-row\">\n\t\t\t\t\t<div class=\"elementor-column elementor-col-100 elementor-top-column elementor-element elementor-element-34d99f1\" data-id=\"34d99f1\" data-element_type=\"column\" data-settings=\"{&quot;background_background&quot;:&quot;classic&quot;}\">\n\t\t\t<div class=\"elementor-column-wrap elementor-element-populated\">\n\t\t\t\t\t\t\t<div class=\"elementor-widget-wrap\">\n\t\t\t\t\t\t<section class=\"elementor-section elementor-inner-section elementor-element elementor-element-cb542f0 elementor-section-full_width elementor-section-height-default elementor-section-height-default\" data-id=\"cb542f0\" data-element_type=\"section\">\n\t\t\t\t\t\t<div class=\"elementor-container elementor-column-gap-default\">\n\t\t\t\t\t\t\t<div class=\"elementor-row\">\n\t\t\t\t\t<div class=\"elementor-column elementor-col-50 elementor-inner-column elementor-element elementor-element-362cd59\" data-id=\"362cd59\" data-element_type=\"column\">\n\t\t\t<div class=\"elementor-column-wrap elementor-element-populated\">\n\t\t\t\t\t\t\t<div class=\"elementor-widget-wrap\">\n\t\t\t\t\t\t<div class=\"elementor-element elementor-element-70923d1 elementor-widget elementor-widget-section-title-addons\" data-id=\"70923d1\" data-element_type=\"widget\" data-widget_type=\"section-title-addons.default\">\n\t\t\t\t<div class=\"elementor-widget-container\">\n\t\t\t            <div class=\"text-center section-title default-style\">\n                <h1 class=\"section-title-txt\">Znajd\u017a ubezpieczenie dla siebie, zadzwo\u0144 ju\u017c dzi\u015b!<\/h1>            <\/div>\n        \t\t<\/div>\n\t\t\t\t<\/div>\n\t\t\t\t\t\t<\/div>\n\t\t\t\t\t<\/div>\n\t\t<\/div>\n\t\t\t\t<div class=\"elementor-column elementor-col-50 elementor-inner-column elementor-element elementor-element-acd61dd\" data-id=\"acd61dd\" data-element_type=\"column\">\n\t\t\t<div class=\"elementor-column-wrap elementor-element-populated\">\n\t\t\t\t\t\t\t<div class=\"elementor-widget-wrap\">\n\t\t\t\t\t\t<div class=\"elementor-element elementor-element-355e13d elementor-widget elementor-widget-heading\" data-id=\"355e13d\" data-element_type=\"widget\" data-widget_type=\"heading.default\">\n\t\t\t\t<div class=\"elementor-widget-container\">\n\t\t\t<h2 class=\"elementor-heading-title elementor-size-default\">Skontaktuj si\u0119 z nami<br\/>\n<img src=\"http:\/\/consulting-expert.pl\/wp-content\/uploads\/2020\/11\/borderline.png\" alt=\"decorator\"><\/h2>\t\t<\/div>\n\t\t\t\t<\/div>\n\t\t\t\t<div class=\"elementor-element elementor-element-b48ef85 elementor-widget elementor-widget-heading\" data-id=\"b48ef85\" data-element_type=\"widget\" data-widget_type=\"heading.default\">\n\t\t\t\t<div class=\"elementor-widget-container\">\n\t\t\t<h2 class=\"elementor-heading-title elementor-size-default\">+48 664 522 909<\/h2>\t\t<\/div>\n\t\t\t\t<\/div>\n\t\t\t\t\t\t<\/div>\n\t\t\t\t\t<\/div>\n\t\t<\/div>\n\t\t\t\t\t\t\t\t<\/div>\n\t\t\t\t\t<\/div>\n\t\t<\/section>\n\t\t\t\t\t\t<\/div>\n\t\t\t\t\t<\/div>\n\t\t<\/div>\n\t\t\t\t\t\t\t\t<\/div>\n\t\t\t\t\t<\/div>\n\t\t<\/section>\n\t\t\t\t\t\t<\/div>\n\t\t\t\t\t\t<\/div>\n\t\t\t\t\t<\/div>\n\t\t","protected":false},"excerpt":{"rendered":"<p>Informacje o agencie \u00a0Consulting Expert Izabela Plewniak z siedzib\u0105 pod adresem: ul. Stawowa 147, 32-607 Polanka Wielka, NIP 5492122905,REGON 123050942, wpisan\u0105 w dniu 03.03.2014 roku do Centralnej Ewidencji i Informacji o Dzia\u0142alno\u015bci Gospodarczej zwany dalej \u201ePrzedsiebiorc\u0105\u201d jest multiagentem ubezpieczeniowym, wpisanym do prowadzonego przez Komisj\u0119 Nadzoru Finansowego rejestru po\u015brednik\u00f3w ubezpieczeniowych pod nr 11221722\/A Komisja Nadzoru Finansowego [&hellip;]<\/p>\n","protected":false},"author":1,"featured_media":0,"parent":0,"menu_order":0,"comment_status":"closed","ping_status":"closed","template":"","meta":[],"_links":{"self":[{"href":"https:\/\/consulting-expert.pl\/index.php\/wp-json\/wp\/v2\/pages\/2160"}],"collection":[{"href":"https:\/\/consulting-expert.pl\/index.php\/wp-json\/wp\/v2\/pages"}],"about":[{"href":"https:\/\/consulting-expert.pl\/index.php\/wp-json\/wp\/v2\/types\/page"}],"author":[{"embeddable":true,"href":"https:\/\/consulting-expert.pl\/index.php\/wp-json\/wp\/v2\/users\/1"}],"replies":[{"embeddable":true,"href":"https:\/\/consulting-expert.pl\/index.php\/wp-json\/wp\/v2\/comments?post=2160"}],"version-history":[{"count":12,"href":"https:\/\/consulting-expert.pl\/index.php\/wp-json\/wp\/v2\/pages\/2160\/revisions"}],"predecessor-version":[{"id":2202,"href":"https:\/\/consulting-expert.pl\/index.php\/wp-json\/wp\/v2\/pages\/2160\/revisions\/2202"}],"wp:attachment":[{"href":"https:\/\/consulting-expert.pl\/index.php\/wp-json\/wp\/v2\/media?parent=2160"}],"curies":[{"name":"wp","href":"https:\/\/api.w.org\/{rel}","templated":true}]}}